{"id":118,"date":"2021-05-21T14:02:07","date_gmt":"2021-05-21T14:02:07","guid":{"rendered":"https:\/\/df-law.de\/impressum\/"},"modified":"2022-06-01T17:03:05","modified_gmt":"2022-06-01T17:03:05","slug":"impressum","status":"publish","type":"page","link":"https:\/\/df-law.de\/en\/impressum\/","title":{"rendered":"Impressum"},"content":{"rendered":"\n<p>Angaben nach \u00a7 5 Telemediengesetz (TMG)<\/p>\n\n\n\n<p><strong>Firma\/Rechtsform:&nbsp;<\/strong>D\u00dcRR FR\u00d6HLICH Rechtsanw\u00e4lte Partnerschaft mbB<\/p>\n\n\n\n<p><strong>Sitz\/Hauptniederlassung:&nbsp;<\/strong>M\u00fcnchen<\/p>\n\n\n\n<p><strong>Registrierung:&nbsp;<\/strong>Amtsgericht M\u00fcnchen, PR 2204<\/p>\n\n\n\n<p><strong>Kontaktaufnahme:<br><\/strong>Steinsdorfstra\u00dfe 13<br>80538 M\u00fcnchen<br>Deutschland<\/p>\n\n\n\n<p>Telefon: (0 89) 45 20 50 20<br>Telefax: (0 89) 45 20 50 229<br>E-Mail: m.duerr@df-law.de<\/p>\n\n\n\n<p><strong>Standort:&nbsp;<\/strong>M\u00fcnchen<\/p>\n\n\n\n<p><strong>Berufsbezeichnung\/Verleihungsland:&nbsp;<\/strong>Partnerschaftsgesellschaft mbB &nbsp;\/ Bundesrepublik Deutschland<\/p>\n\n\n\n<p><strong>Rechtsanwaltskammer:<br><\/strong>Die D\u00fcrr Fr\u00f6hlich Rechtsanw\u00e4lte Partnerschaft mbB geh\u00f6rt der Rechtsanwaltskammer M\u00fcnchen an.&nbsp;Alle Rechtsanw\u00e4ltinnen und Rechtsanw\u00e4lte der Partnerschaft mbB sind in der Bundesrepublik Deutschland zugelassen.<\/p>\n\n\n\n<p><strong>Die Anschrift der zust\u00e4ndigen Rechtsanwaltskammern lauten:<\/strong><\/p>\n\n\n\n<p>Rechtsanwaltskammer f\u00fcr den Oberlandesgerichtsbezirk M\u00fcnchen<br>Tal 33<br>80331 M\u00fcnchen<br>Telefon: (0 89) 53 29 44 0<br>(Rechtsanw\u00e4lte Dr. D\u00fcrr, Dr. Fr\u00f6hlich)<\/p>\n\n\n\n<p><strong>Berufsrechtliche Regelungen&nbsp;f\u00fcr Rechtsanw\u00e4lte:<br><\/strong>Die ma\u00dfgeblichen berufsrechtlichen Regelungen f\u00fcr Rechtsanw\u00e4lte sind die Bundesrechtsanwaltsordnung (BRAO), die Berufsordnung f\u00fcr Rechtsanw\u00e4lte (BORA), die Fachanwaltsordnung (FAO), das Rechtsanwaltsverg\u00fctungsgesetz (RVG), die Berufsregeln der Rechtsanw\u00e4lte der Europ\u00e4ischen Union (CCBE) und das Gesetz \u00fcber die T\u00e4tigkeit europ\u00e4ischer Rechtsanw\u00e4lte in Deutschland (EuRAG). Sie sind abrufbar unter http:\/\/www.brak.de, Rubrik &#8220;Berufsrecht\/Berufsregeln&#8221;.<\/p>\n\n\n\n<p><strong>Berufshaftpflichtversicherung:<br><\/strong>N\u00dcRNBERGER Allgemeine Versicherungs-AG, 90334 N\u00fcrnberg<\/p>\n\n\n\n<p><strong>R\u00e4umlicher Geltungsbereich:<\/strong><br>Im gesamten EU-Gebiet und den Staaten des Abkommens \u00fcber den Europ\u00e4ischen Wirtschaftsraum<\/p>\n\n\n\n<p><strong>Verantwortung f\u00fcr den&nbsp;redaktionellen Inhalt:<br><\/strong>Dr. Mathias D\u00fcrr<br>Telefon: (0 89) 45 20 50-20<br>Telefax: (0 89) 45 20 50 229<br>E-Mail: m.duerr@df-law.de<\/p>\n\n\n\n<p><strong>Urheberrecht:<br><\/strong>Das Urheberrecht an dem Inhalt dieser Webseite oder Teilen davon steht D\u00fcrr Fr\u00f6hlich Rechtsanw\u00e4lte Partnerschaft mbB oder demjenigen zu, der D\u00fcrr Fr\u00f6hlich Rechtsanw\u00e4lte Partnerschaft mbB ein entsprechendes Nutzungsrecht einger\u00e4umt hat.<\/p>\n\n\n\n<p>Einzelne Seiten dieser Webseite d\u00fcrfen zum ausschlie\u00dflichen Gebrauch innerhalb Ihres Unternehmens herunter geladen werden, vor\u00fcbergehend gespeichert und gedruckt werden.<\/p>\n\n\n\n<p>Jede andere Vervielf\u00e4ltigung, \u00dcbertragung oder Verbreitung jeglichen Inhalts dieser Webseite, insbesondere durch Herunterladen, Speichern oder Drucken, ist ohne die ausdr\u00fcckliche Einwilligung von D\u00fcrr Fr\u00f6hlich Rechtsanw\u00e4lte Partnerschaft mbB verboten.<br>Anfragen hierzu richten Sie bitte an<br>Dr. Mathias D\u00fcrr<br>m.duerr@df-law.de<br>(0 89) 45 20 50 20<\/p>\n\n\n\n<p><strong>Information und Haftung:<br><\/strong>Jegliche Haftung im Zusammenhang mit der Nutzung der auf dieser Webseite bereitgestellten Informationen oder dem Vertrauen auf deren Richtigkeit, Aktualit\u00e4t und Vollst\u00e4ndigkeit ist ausgeschlossen. Gleiches gilt auch f\u00fcr die Inhalte externer Webseiten, auf die diese Seite \u00fcber Hyperlinks direkt oder indirekt verweist und auf die D\u00fcrr Fr\u00f6hlich Rechtsanw\u00e4lte Partnerschaft mbB keinen Einfluss hat. Die auf dieser Webseite enthaltenen Informationen stellen keine Rechtsberatung dar und k\u00f6nnen diese auch nicht ersetzen.<\/p>\n\n\n\n<p><strong>Anwendbares Recht:<br><\/strong>Die rechtlichen Hinweise auf dieser Webseite sowie alle Fragen und Streitigkeiten im Zusammenhang mit dieser Webseite unterliegen dem Recht der Bundesrepublik Deutschland.<\/p>\n","protected":false},"excerpt":{"rendered":"<p>Angaben nach \u00a7 5 Telemediengesetz (TMG) Firma\/Rechtsform:&nbsp;D\u00dcRR FR\u00d6HLICH Rechtsanw\u00e4lte Partnerschaft mbB Sitz\/Hauptniederlassung:&nbsp;M\u00fcnchen Registrierung:&nbsp;Amtsgericht M\u00fcnchen, PR 2204 Kontaktaufnahme:Steinsdorfstra\u00dfe 1380538 M\u00fcnchenDeutschland Telefon: (0 89) 45 20 50 20Telefax: (0 89) 45 20 50 229E-Mail: m.duerr@df-law.de Standort:&nbsp;M\u00fcnchen Berufsbezeichnung\/Verleihungsland:&nbsp;Partnerschaftsgesellschaft mbB &nbsp;\/ Bundesrepublik Deutschland Rechtsanwaltskammer:Die D\u00fcrr Fr\u00f6hlich Rechtsanw\u00e4lte Partnerschaft mbB geh\u00f6rt der Rechtsanwaltskammer M\u00fcnchen an.&nbsp;Alle Rechtsanw\u00e4ltinnen und Rechtsanw\u00e4lte der Partnerschaft [&hellip;]<\/p>\n","protected":false},"author":1,"featured_media":0,"parent":0,"menu_order":0,"comment_status":"closed","ping_status":"closed","template":"","meta":{"footnotes":""},"class_list":["post-118","page","type-page","status-publish","hentry"],"_links":{"self":[{"href":"https:\/\/df-law.de\/en\/wp-json\/wp\/v2\/pages\/118","targetHints":{"allow":["GET"]}}],"collection":[{"href":"https:\/\/df-law.de\/en\/wp-json\/wp\/v2\/pages"}],"about":[{"href":"https:\/\/df-law.de\/en\/wp-json\/wp\/v2\/types\/page"}],"author":[{"embeddable":true,"href":"https:\/\/df-law.de\/en\/wp-json\/wp\/v2\/users\/1"}],"replies":[{"embeddable":true,"href":"https:\/\/df-law.de\/en\/wp-json\/wp\/v2\/comments?post=118"}],"version-history":[{"count":0,"href":"https:\/\/df-law.de\/en\/wp-json\/wp\/v2\/pages\/118\/revisions"}],"wp:attachment":[{"href":"https:\/\/df-law.de\/en\/wp-json\/wp\/v2\/media?parent=118"}],"curies":[{"name":"wp","href":"https:\/\/api.w.org\/{rel}","templated":true}]}}